{"id":54,"date":"2014-02-01T16:03:47","date_gmt":"2014-02-01T16:03:47","guid":{"rendered":"http:\/\/www.imitation.hu\/?page_id=54"},"modified":"2026-01-06T06:45:41","modified_gmt":"2026-01-06T05:45:41","slug":"press","status":"publish","type":"page","link":"https:\/\/www.imitation.hu\/?page_id=54","title":{"rendered":"press"},"content":{"rendered":"\n<p><\/p>\n\n\n\n<p><\/p>\n\n\n\n<p><a href=\"https:\/\/popeyemagazin.com\/szemely-szerint\/a-jo-a-jobb-es-a-rut-17-magyar-eloado-akiket-nagyon-sokat-hallgattunk-iden\/\">Best of 2025 <\/a>by Pop Eye<\/p>\n\n\n\n<p>Pop Eye&#8217;s <a href=\"https:\/\/popeyemagazin.com\/rendezoi-valtozat\/mintha-csak-almodnank-szep-kis-elszallassal-zarja-az-evet-az-imitation\/\">review<\/a> on Now What?<br><br><a href=\"https:\/\/www.kulter.hu\/2025\/12\/klippremier-imitation-now-what\/\">Now What? premiere<\/a> @ KULTer<br><br><a href=\"https:\/\/langolo.hu\/the-time-rhymes-remixes-premieren-es-dalrol-dalra-az-imitation-remix-ep-je\/\">The Time Rhymes Remixes EP premiere<\/a> @ L\u00e1ngol\u00f3<br><br><a href=\"https:\/\/www.buzzslayers.com\/post\/an-interview-with-imitation\">Interview + review on All Shards<\/a> by Buzz Slayers<br><br><a href=\"https:\/\/keretblog.hu\/uj-kislemezzel-erkezik-az-imitation-all-shards-premier\/\">All Shards premiere <\/a>@ KERET<\/p>\n\n\n\n<p><a href=\"https:\/\/www.mesmerized.io\/leftfield-duo-imitation-return-with-liminal-beauty-raptures\/\">Review <\/a>on Raptures by Mesmerized<br><br><a href=\"https:\/\/extravafrench.com\/2025\/03\/26\/ovni-glitch-pop-entre-reve-glace-et-transe-viscerale-par-imitation-sur-step-on-the-stone\/\">Review<\/a> on Step on the Stone by Extravafrench<\/p>\n\n\n\n<p>Pop Eye&#8217;s <a href=\"https:\/\/www.facebook.com\/permalink.php?story_fbid=pfbid027gzyiySCkSBvgwQjNykz3NDv5tsceytJ7pfocwutAXqGXVzkmwdguksKpiSJDJw8l&amp;id=61573437677818&amp;__cft__[0]=AZWxAfYd0rvGjxI4Age54jpJEmpYXmdOgtYYguFCxU3cwzoHpbAbHXs4omoS4iqBSXH7N7HqPBzEvXkbBnxHf0MbITQB2LrkQaALqpZJCikR705jHMvqvMxT-fAwbdblz1KifhlxuYQlHMsrHsZBstSQ9nOCU6UTGM4wqFJbEiDx2g&amp;__tn__=R]-R\">review<\/a> on Step on the Stone<br><br>Step on the Stone <a href=\"https:\/\/langolo.hu\/step-on-the-stone-premieren-az-imitation-legujabb-dala\/\">premier<\/a> @ L\u00e1ngol\u00f3 <\/p>\n\n\n\n<p><strong>Reviews on Time Rhymes:<\/strong><\/p>\n\n\n\n<p><a href=\"https:\/\/extravafrench.com\/2024\/11\/13\/quand-la-memoire-se-fait-musique-et-que-le-temps-se-desaccorde-avec-imitation-et-lalbum-time-rhymes\/\" target=\"_blank\" rel=\"noreferrer noopener\">https:\/\/extravafrench.com\/2024\/11\/13\/quand-la-memoire-se-fait-musique-et-que-le-temps-se-desaccorde-avec-imitation-et-lalbum-time-rhymes\/<\/a> &#8211; Extravafrench <\/p>\n\n\n\n<p><a href=\"https:\/\/www.lockmag.co.uk\/review-imitation-unveil-their-wondrous-new-album-time-rhymes\/\" target=\"_blank\" rel=\"noreferrer noopener\">https:\/\/www.lockmag.co.uk\/review-imitation-unveil-their-wondrous-new-album-time-rhymes\/<\/a> &#8211; LOCK Magazine<br><br><a href=\"https:\/\/www.mysticsons.com\/article\/imitation-time-rhymes\">https:\/\/www.mysticsons.com\/article\/imitation-time-rhymes<\/a> &#8211; Mystic Sons<\/p>\n\n\n\n<p><a href=\"https:\/\/thoughtswordsaction.com\/2024\/09\/27\/imitation-point-of-no-return\/\" target=\"_blank\" rel=\"noreferrer noopener\">https:\/\/thoughtswordsaction.com\/2024\/09\/27\/imitation-point-of-no-return\/<\/a> &#8211; Thoughts Words Action <\/p>\n\n\n\n<p><a href=\"https:\/\/www.berlinonair.cc\/post\/762843898190168064\/imitation-point-of-no-return-indie-pop\" target=\"_blank\" rel=\"noreferrer noopener\">https:\/\/www.berlinonair.cc\/post\/762843898190168064\/imitation-point-of-no-return-indie-pop<\/a> &#8211; Berlin On Air <\/p>\n\n\n\n<p><a href=\"https:\/\/www.parkettchannel.it\/imitation-any-of-it\/\" target=\"_blank\" rel=\"noreferrer noopener\">https:\/\/www.parkettchannel.it\/imitation-any-of-it\/<\/a> &#8211; Parkett <\/p>\n\n\n\n<p><a href=\"https:\/\/www.mesmerized.io\/imitation-and-kazuhiro-takeuchi-share-leftfield-record-time-rhymes\/\" target=\"_blank\" rel=\"noreferrer noopener\">https:\/\/www.mesmerized.io\/imitation-and-kazuhiro-takeuchi-share-leftfield-record-time-rhymes\/<\/a> &#8211; Mesmerized <\/p>\n\n\n\n<p><a href=\"https:\/\/medium.com\/youmedancing\/on-the-radar-artistas-que-voc%C3%AA-precisa-conhecer-f3334dfd9635\" target=\"_blank\" rel=\"noreferrer noopener\">https:\/\/medium.com\/youmedancing\/on-the-radar-artistas-que-voc%C3%AA-precisa-conhecer-f3334dfd9635<\/a> \u2013 Medium \/ You! Me! Dancing! <\/p>\n\n\n\n<p><a href=\"https:\/\/thelittlegarden.co\/imitation-any-of-it\/\" target=\"_blank\" rel=\"noreferrer noopener\">https:\/\/thelittlegarden.co\/imitation-any-of-it\/<\/a> &#8211; <a href=\"https:\/\/thelittlegarden.co\/\">Little Garden<\/a> <\/p>\n\n\n\n<p><a href=\"https:\/\/www.mesmerized.io\/imitation-team-up-with-kazuhiro-takeuchi-on-any-of-it\/\" target=\"_blank\" rel=\"noreferrer noopener\">https:\/\/www.mesmerized.io\/imitation-team-up-with-kazuhiro-takeuchi-on-any-of-it\/<\/a><br>&#8211; Mesmerized <br><br><a href=\"https:\/\/medium.com\/youmedancing\/on-the-radar-artistas-que-voc%C3%AA-precisa-conhecer-27a13b5df456\" target=\"_blank\" rel=\"noreferrer noopener\">https:\/\/medium.com\/youmedancing\/on-the-radar-artistas-que-voc%C3%AA-precisa-conhecer-27a13b5df456<\/a> \u2013 Medium \/ You! Me! Dancing!<br><br><a href=\"https:\/\/recorder.blog.hu\/2024\/10\/25\/otthonos_es_ismeros_idegen_es_bizarr_albumpremier_imitation_takeucsi_kazuhiro_time_rhymes\">Time Rhymes albumpremier a Recorderen<\/a><br><br><a href=\"https:\/\/www.kulter.hu\/2024\/09\/dalpremier-imitation-point-of-no-return\/\">Point of No Return dal- \u00e9s klippremier<\/a><br><br><a href=\"https:\/\/langolo.hu\/any-of-it-premieren-az-imitation-legujabb-dala-amihez-egy-kazuhiro-takeuchi-remix-is-keszult\/\">Any of It premier<\/a><br><br><br><a href=\"https:\/\/www.evamagazin.hu\/vilagom\/papai-zsanett-interju-festo\">P\u00e1pai Zsanett interj\u00fa<\/a><\/p>\n\n\n<p><a href=\"https:\/\/kultura.hu\/architekturalis-szemmel-tekintek-a-zeneszerzesre-interju-az-imitation-ket-tagjaval-papai-zsanettel-es-godri-bulcsuval\" target=\"_blank\" rel=\"noopener noreferrer\">Architektur\u00e1lis szemmel tekintek a zeneszerz\u00e9sre &#8211; interview by Kult\u00fara.hu<\/a><\/p>\n<p><a href=\"https:\/\/www.facebook.com\/ImitationMusic\/videos\/453375213107843\" target=\"_blank\" rel=\"noopener noreferrer\">Artificial By Nature in the Best of 2021 by \u00cdg\u00e9retes tit\u00e1nok<\/a><\/p>\n<p><a href=\"https:\/\/igeretestitanok.hu\/imitation-artificial-by-nature-lemez-kritika\/\" target=\"_blank\" rel=\"noopener noreferrer\">Ez nem a j\u00f6v\u0151 zen\u00e9je, ez m\u00e1r a jelen &#8211; critique by \u00cdg\u00e9retes tit\u00e1nok<\/a><\/p>\n<p><a href=\"https:\/\/keretblog.hu\/imitation-interju\/\" target=\"_blank\" rel=\"noopener noreferrer\">Balj\u00f3s sejtelmek \u00e9s lelkes rem\u00e9nyek v\u00e1ltakoz\u00e1sa &#8211; interview @ Keret<\/a><\/p>\n<p><a href=\"https:\/\/24.hu\/kultura\/2021\/09\/29\/imitation-space-country-videoklip-premier\/\" target=\"_blank\" rel=\"noopener noreferrer\">Space Country music video premiere @ 24.hu<\/a><\/p>\n<p><a href=\"https:\/\/petofilive.hu\/video\/2021\/09\/21\/artificial-by-nature-elkeszult-az-imitation-uj-albuma\/\" target=\"_blank\" rel=\"noopener noreferrer\">Artificial By Nature @ Pet\u0151fi TV &#8211; interview<\/a><\/p>\n<p><a href=\"https:\/\/recorder.blog.hu\/2021\/09\/13\/iimitation_artificial_by_nature_lemezkritika\" target=\"_blank\" rel=\"noopener noreferrer\">Az \u00e9teri szomor\u00fas\u00e1gt\u00f3l a provok\u00e1ci\u00f3ig \u2013 critique by Recorder<\/a><\/p>\n<p><a href=\"https:\/\/kultura.hu\/alkotoi-parbeszed-mesterfokon-az-imitation-uj-lemezerol\/\" target=\"_blank\" rel=\"noopener noreferrer\">Alkot\u00f3i p\u00e1rbesz\u00e9d mesterfokon \u2013 Az Imitation \u00faj lemez\u00e9r\u0151l <\/a><a href=\"https:\/\/kultura.hu\/alkotoi-parbeszed-mesterfokon-az-imitation-uj-lemezerol\/\" target=\"_blank\" rel=\"noopener noreferrer\">\u2013<\/a><a href=\"https:\/\/kultura.hu\/alkotoi-parbeszed-mesterfokon-az-imitation-uj-lemezerol\/\" target=\"_blank\" rel=\"noopener noreferrer\"> review by Kult\u00fara.hu<\/a><\/p>\n<p><a href=\"https:\/\/recorder.blog.hu\/2021\/09\/09\/_szorongo_es_apokaliptikus_de_remennyel_es_kolteszettel_teli_albumpremier_imitation_artificial_by_na\" target=\"_blank\" rel=\"noopener noreferrer\">Artificial by Nature album premiere @ Recorder<\/a><\/p>\n<header class=\"entry-header\"><a href=\"https:\/\/recorder.blog.hu\/2021\/07\/28\/megmeritkezni_es_csalodni_az_emberek_vilagaban_premier_imitation_ai_s_daydream\" target=\"_blank\" rel=\"noopener noreferrer\">AI&#8217;s Daydream music video premiere @ Recorder<\/a><\/p>\n<p><a href=\"https:\/\/www.kulter.hu\/2020\/06\/klippremier-imitation-pause\/\" target=\"_blank\" rel=\"noopener noreferrer\">Pause &#8211; music video premiere @ KULTer.hu<\/a><\/p>\n<\/header>\n<p><a href=\"https:\/\/recorder.blog.hu\/2020\/06\/02\/dalpremier_imitation_pause\" target=\"_blank\" rel=\"noopener noreferrer\">Pause premier @ Recorder<\/a><\/p>\n<p><a href=\"https:\/\/www.youtube.com\/watch?v=-YliJMsd2ZU&amp;fbclid=IwAR2Vm_VCpP4q-pwxLNwOS-2lOvcL-hL-1jZ5x5mi8B0U3V_GIzgV6P00VgM\" target=\"_blank\" rel=\"noopener noreferrer\">Interview @ Pet\u0151fi TV<\/a><\/p>\n<p><a href=\"https:\/\/recorder.blog.hu\/2020\/03\/03\/klippremier_imitation_bright_as_fear?fbclid=IwAR3sTGzLSemcUdVLW4aT8gJqIwc6HjrVmHRdFAOtzYl3337eBI15jtWjar4\" target=\"_blank\" rel=\"noopener noreferrer\">Music Video Premier @ Recorder<\/a><\/p>\n<p><a href=\"https:\/\/nlc.hu\/szabadido\/20200228\/papai-zsanett-imitation-jazz-muveszet-enekes-trend-meno\/\" target=\"_blank\" rel=\"noopener noreferrer\">Interview with Zsanett by nlc.hu<\/a><\/p>\n<p><a href=\"https:\/\/igeretestitanok.hu\/imitation-lemez-kritika\/\" target=\"_blank\" rel=\"noopener noreferrer\">DJ-szett-szer\u0171 lo-fi melank\u00f3li\u00e1ba esni kort\u00e1rs t\u00e1ncosok gy\u0171r\u0171j\u00e9ben &#8211; review by \u00cdg\u00e9retes Tit\u00e1nok<\/a><\/p>\n<p><a href=\"https:\/\/kultura.hu\/valentin-napi-kulturrandi-papai-zsanettel-es-godri-bulcsuval-az-imitation-tagjaival\" target=\"_blank\" rel=\"noopener noreferrer\">&#8222;Valentin-napi kult\u00farrandi&#8221;<\/a> &#8211; interview by kultura.hu<\/p>\n<p><a href=\"https:\/\/www.mixcloud.com\/r%C3%B3bert-pick\/a-muzsikus-vil%C3%A1ga-vend%C3%A9ge-az-imitation-p%C3%A1pai-zanett-%C3%A9s-g%C3%B6dri-bulcsu-civil-r%C3%A1di%C3%B3-2020\/\" target=\"_blank\" rel=\"noopener noreferrer\">Interview @ Civil R\u00e1di\u00f3<\/a><\/p>\n<p><a href=\"http:\/\/kulter.hu\/2020\/01\/az-elmult-tiz-ev-legjobb-hazai-lemezei-top-10\/?fbclid=IwAR1_5zdjTfT-1vSWfjkv1NDcR3UnDzygEzbqwWZJ57cICgg5FFZ9jcs-JeU\" target=\"_blank\" rel=\"noopener noreferrer\">The Original in the top 10 albums of 2010s!<\/a><\/p>\n<p><a href=\"https:\/\/magyarnarancs.hu\/zene2\/ne-lehessen-kellemesen-124347\" target=\"_blank\" rel=\"noopener noreferrer\">Interview by Magyar Narancs<\/a><\/p>\n<p><a href=\"http:\/\/kulter.hu\/2019\/03\/a-kifejezes-egy-krizis\/?fbclid=IwAR357PWtK1XY2uwGNb0y9H_ighSA4HSG7rNCJHrRdWF-GYjcI8C9lVoMBdc\" target=\"_blank\" rel=\"noopener noreferrer\">&#8222;A kifejez\u00e9s egy kr\u00edzis&#8221; &#8211; interview by kulter.hu<\/a><\/p>\n<p><a href=\"http:\/\/kulter.hu\/2019\/01\/2018-kultbandai-top-10\/?fbclid=IwAR0F8phXuKJ9yLfjijK4BcPdk82hFNCmCPMXqp8pTkxk3x5e-7Kxw9remPU\" target=\"_blank\" rel=\"noopener noreferrer\">In the TOP10 by kulter.hu<\/a><\/p>\n<p><a href=\"https:\/\/dalszerzo.hu\/2018\/12\/20\/dalszerzo-playlist-61-zenek-a-teli-dalszerzo-magazinbol\/?fbclid=IwAR2nitY7Bp9iV8dhKCBDGGSmqlhyqsh6cUg60cNYN_qhBsXH1B0R9oxRXAI\" target=\"_blank\" rel=\"noopener noreferrer\">Review @ Dal+Szerz\u0151 magazin<\/a><\/p>\n<p><a href=\"https:\/\/nepszava.hu\/3018490_az-imitation-fura-popzeneje\" target=\"_blank\" rel=\"noopener noreferrer\">Imitation @ N\u00e9pszava<\/a><\/p>\n<p><a href=\"https:\/\/www.youtube.com\/watch?v=P871VPwLQUA&amp;t=25s\" target=\"_blank\" rel=\"noopener noreferrer\">Interview @ Heti TV<\/a><\/p>\n<p><a href=\"https:\/\/index.hu\/mindekozben\/poszt\/2018\/12\/01\/azt_hittem_talaltam_munka_melle_valo_zenet_erre_jol_fejbevertek\/\" target=\"_blank\" rel=\"noopener noreferrer\">&#8222;Azt hittem, tal\u00e1ltam munka mell\u00e9 val\u00f3 zen\u00e9t, erre j\u00f3l fejbevertek&#8221; &#8211; review by Index.hu<\/a><\/p>\n<p><a href=\"https:\/\/boldoguljgyorben.blog.hu\/2018\/10\/27\/kozhelymentes_zene_nemcsak_gyorieknek_hallgassanak_az_imitation_duora\" target=\"_blank\" rel=\"noopener noreferrer\">Review &amp; interview @ Boldogulj Gy\u0151rben<\/a><\/p>\n<p><a href=\"https:\/\/recorder.blog.hu\/2018\/09\/27\/diszes_buradon_kivul_varlak_rec_hu?fbclid=IwAR0XH5S696W3QkWSmKQxZhncERdeQhZ_mrBwxFpLR3zz7U4FOKhq1atY2kk\" target=\"_blank\" rel=\"noopener noreferrer\">The Original in the selection of Recorder.hu<\/a><\/p>\n<p><a href=\"https:\/\/langologitarok.blog.hu\/2018\/09\/20\/megjelent_az_imitation_elso_albuma_the_original_cimmel#more14251221\" target=\"_blank\" rel=\"noopener noreferrer\">Album premier @ L\u00e1ngol\u00f3 Git\u00e1rok<\/a><\/p>\n<p><a href=\"http:\/\/langologitarok.blog.hu\/2017\/04\/02\/a_kiserletezes_liraibb_tonusa_itt_egy_uj_imitation-dal\" target=\"_blank\" rel=\"noopener noreferrer\">Song premiere @ L\u00e1ngol\u00f3 Git\u00e1rok<\/a><\/p>\n<p><a href=\"https:\/\/felonline.hu\/2015\/06\/29\/get-out-megjelent-az-imitation-uj-szama\/\" target=\"_blank\" rel=\"noopener noreferrer\">Get Out &#8211; new song @ F\u00c9Lonline.hu<\/a><\/p>\n<p><a href=\"http:\/\/www.kultura.hu\/kultur-pr\/get-out-megjelent\" target=\"_blank\" rel=\"noopener noreferrer\">About the new song&#8230;<\/a> @ Kult\u00fara.hu<\/p>\n<p><a href=\"http:\/\/langologitarok.blog.hu\/2015\/06\/05\/jazzes_triphopos_art-pop_az_imitationtol#more7519740\" target=\"_blank\" rel=\"noopener noreferrer\">New song release<\/a> @ L\u00e1ngol\u00f3 Git\u00e1rok<\/p>\n<p>Interview by Andrei Csepregi:<\/p>\n<p><a href=\"https:\/\/www.youtube.com\/watch?v=NRnRIkeZcDM\" target=\"_blank\" rel=\"noopener noreferrer\">https:\/\/www.youtube.com\/watch?v=NRnRIkeZcDM<\/a><\/p>\n<p>Interview @ Music Media Magazin:<\/p>\n<p><a href=\"http:\/\/musicmedia.hu\/20150209_interju_papai_zsanettel_\" target=\"_blank\" rel=\"noopener noreferrer\">http:\/\/musicmedia.hu\/20150209_interju_papai_zsanettel_<\/a><\/p>\n<p>Music video @ F\u00c9Lonline:<\/p>\n<p><a href=\"http:\/\/felonline.hu\/2014\/12\/09\/directions-itt-az-imitation-elso-klipje\/\" target=\"_blank\" rel=\"noopener noreferrer\">http:\/\/felonline.hu\/2014\/12\/09\/directions-itt-az-imitation-elso-klipje\/<\/a><\/p>\n<p>Music video @ Kult\u00fara.hu:<\/p>\n<p><a href=\"http:\/\/www.kultura.hu\/kultur-pr\/debutalt-imitation-elso\" target=\"_blank\" rel=\"noopener noreferrer\">http:\/\/www.kultura.hu\/kultur-pr\/debutalt-imitation-elso<\/a><\/p>\n<p>Music video @ Kult\u00farpart:<\/p>\n<p><a href=\"http:\/\/www.kulturpart.hu\/zene\/44339\/projekcio_es_onazonossag_videoban\">http:\/\/www.kulturpart.hu\/zene\/44339\/projekcio_es_onazonossag_videoban<br \/><\/a><br \/>Interview @ Helyi T\u00e9ma:<\/p>\n<p><a href=\"http:\/\/www.papaizsanett.hu\/?page_id=382&amp;preview=true\" target=\"_blank\" rel=\"noopener noreferrer\">http:\/\/www.papaizsanett.hu\/?page_id=382&amp;preview=true<\/a><\/p>\n<p>MUSIC VIDEO DEBUT &nbsp;@ RECORDER:<\/p>\n<p><a href=\"http:\/\/recorder.blog.hu\/2014\/10\/27\/onazonossag_mint_szerep_es_mint_projekcio_itt_az_imitation_elso_klipje\" target=\"_blank\" rel=\"noopener noreferrer\">http:\/\/recorder.blog.hu\/2014\/10\/27\/onazonossag_mint_szerep_es_mint_projekcio_itt_az_imitation_elso_klipje<\/a><\/p>\n<p>Kult\u00farpart:<\/p>\n<p><a href=\"http:\/\/www.kulturpart.hu\/zene\/44113\/klippel_mutatkozik_be_az_imitation\" target=\"_blank\" rel=\"noopener noreferrer\">http:\/\/www.kulturpart.hu\/zene\/44113\/klippel_mutatkozik_be_az_imitation<\/a><\/p>\n<p>Interview @ Kult\u00fara.hu:<\/p>\n<p><a href=\"http:\/\/www.kultura.hu\/jazz-elektronika\" target=\"_blank\" rel=\"noopener noreferrer\">http:\/\/www.kultura.hu\/jazz-elektronika<\/a><\/p>\n<p>Interview @ Stylemagazin:<\/p>\n<p><a href=\"http:\/\/www.stylemagazin.hu\/kiemelt-hir\/A-gepek-eletre-kelnek\/10015\/\" target=\"_blank\" rel=\"noopener noreferrer\">http:\/\/www.stylemagazin.hu\/kiemelt-hir\/A-gepek-eletre-kelnek\/10015\/<\/a><\/p>\n<p>Muzsikus:<\/p>\n<p><a href=\"https:\/\/soundcloud.com\/imitatio\/imitation-muzsikus-r-di\" target=\"_blank\" rel=\"noopener noreferrer\">https:\/\/soundcloud.com\/imitatio\/imitation-muzsikus-r-di<\/a><\/p>\n<p>Song debute @ Recorder:<\/p>\n<p><a href=\"http:\/\/recorder.blog.hu\/2014\/02\/05\/dalpremier_imitation_directions\" target=\"_blank\" rel=\"noopener noreferrer\">http:\/\/recorder.blog.hu\/2014\/02\/05\/dalpremier_imitation_directions#more5790008<\/a><\/p>","protected":false},"excerpt":{"rendered":"<p>Best of 2025 by Pop Eye Pop Eye&#8217;s review on Now What? Now What? premiere @ KULTer The Time Rhymes Remixes EP premiere @ L\u00e1ngol\u00f3 Interview + review on All Shards by Buzz Slayers All Shards premiere @ KERET Review &hellip; <a href=\"https:\/\/www.imitation.hu\/?page_id=54\">Egy kattint\u00e1s ide a folytat\u00e1shoz&#8230;. <span class=\"meta-nav\">&rarr;<\/span><\/a><\/p>\n","protected":false},"author":1,"featured_media":0,"parent":0,"menu_order":0,"comment_status":"closed","ping_status":"open","template":"","meta":{"ngg_post_thumbnail":0,"footnotes":""},"class_list":["post-54","page","type-page","status-publish","hentry"],"_links":{"self":[{"href":"https:\/\/www.imitation.hu\/index.php?rest_route=\/wp\/v2\/pages\/54","targetHints":{"allow":["GET"]}}],"collection":[{"href":"https:\/\/www.imitation.hu\/index.php?rest_route=\/wp\/v2\/pages"}],"about":[{"href":"https:\/\/www.imitation.hu\/index.php?rest_route=\/wp\/v2\/types\/page"}],"author":[{"embeddable":true,"href":"https:\/\/www.imitation.hu\/index.php?rest_route=\/wp\/v2\/users\/1"}],"replies":[{"embeddable":true,"href":"https:\/\/www.imitation.hu\/index.php?rest_route=%2Fwp%2Fv2%2Fcomments&post=54"}],"version-history":[{"count":43,"href":"https:\/\/www.imitation.hu\/index.php?rest_route=\/wp\/v2\/pages\/54\/revisions"}],"predecessor-version":[{"id":740,"href":"https:\/\/www.imitation.hu\/index.php?rest_route=\/wp\/v2\/pages\/54\/revisions\/740"}],"wp:attachment":[{"href":"https:\/\/www.imitation.hu\/index.php?rest_route=%2Fwp%2Fv2%2Fmedia&parent=54"}],"curies":[{"name":"wp","href":"https:\/\/api.w.org\/{rel}","templated":true}]}}